{"id":916,"date":"2022-07-04T00:54:18","date_gmt":"2022-07-03T22:54:18","guid":{"rendered":"https:\/\/marocmicroscopie.ma\/labver\/?page_id=916"},"modified":"2022-07-04T00:57:51","modified_gmt":"2022-07-03T22:57:51","slug":"catalogue","status":"publish","type":"page","link":"https:\/\/marocmicroscopie.ma\/labver\/?page_id=916","title":{"rendered":"Catalogue"},"content":{"rendered":"\t\t<div data-elementor-type=\"wp-page\" data-elementor-id=\"916\" class=\"elementor elementor-916\">\n\t\t\t\t\t\t\t\t\t<section class=\"elementor-section elementor-top-section elementor-element elementor-element-1b1385bc elementor-section-stretched elementor-section-boxed elementor-section-height-default elementor-section-height-default\" data-id=\"1b1385bc\" data-element_type=\"section\" data-settings=\"{&quot;stretch_section&quot;:&quot;section-stretched&quot;,&quot;animation&quot;:&quot;none&quot;,&quot;background_background&quot;:&quot;classic&quot;}\">\n\t\t\t\t\t\t\t<div class=\"elementor-background-overlay\"><\/div>\n\t\t\t\t\t\t\t<div class=\"elementor-container elementor-column-gap-no\">\n\t\t\t\t\t<div class=\"elementor-column elementor-col-100 elementor-top-column elementor-element elementor-element-1201c313\" data-id=\"1201c313\" data-element_type=\"column\">\n\t\t\t<div class=\"elementor-widget-wrap elementor-element-populated\">\n\t\t\t\t\t\t\t\t<div class=\"elementor-element elementor-element-35a72d7c elementor-widget elementor-widget-etheme_categories\" data-id=\"35a72d7c\" data-element_type=\"widget\" data-widget_type=\"etheme_categories.default\">\n\t\t\t\t<div class=\"elementor-widget-container\">\n\t\t\t\r\n\t\t\t<div class=\"et-load-block lazy-loading et-ajax-element type-element\" data-type=\"element\" data-extra=\"slider\" data-element=\"etheme_categories\">\r\n\t\t\t\t<!--googleoff: index-->\r\n\t\t\t\t<!--noindex-->\r\n\t\t\t\t<div class=\"et-loader no-lqip\"><svg class=\"loader-circular\" viewBox=\"25 25 50 50\" width=\"30\" height=\"30\"><circle class=\"loader-path\" cx=\"50\" cy=\"50\" r=\"20\" fill=\"none\" stroke-width=\"2\" stroke-miterlimit=\"10\"><\/circle><\/svg><\/div>\r\n\t\t\t\t<span class=\"hidden et-element-args\"><!--[if IE 6] --[et-ajax]--{\"number\":null,\"title\":\"\",\"orderby\":\"name\",\"order\":\"ASC\",\"hide_empty\":false,\"columns\":4,\"parent\":\"\",\"display_type\":\"grid\",\"valign\":\"center\",\"no_space\":0,\"text_color\":\"dark\",\"style\":\"classic\",\"text_align\":\"center\",\"text_transform\":\"uppercase\",\"count_label\":\"\",\"sorting\":\"name,products\",\"hide_all\":\"\",\"bg_color\":\"\",\"title_color\":\"\",\"subtitle_color\":\"\",\"title_size\":\"\",\"subtitle_size\":\"\",\"ids\":\"26,27,28,29,30,31,32,33,34\",\"large\":4,\"notebook\":3,\"tablet_land\":2,\"tablet_portrait\":2,\"mobile\":1,\"slider_autoplay\":false,\"slider_speed\":300,\"slider_loop\":false,\"slider_interval\":3000,\"slider_stop_on_hover\":false,\"slider_spacing\":30,\"pagination_type\":\"hide\",\"default_color\":\"#e1e1e1\",\"active_color\":\"#222\",\"hide_fo\":\"\",\"hide_buttons\":false,\"hide_buttons_for\":\"\",\"navigation_position\":\"middle\",\"navigation_position_style\":\"arrows-hover\",\"navigation_type\":\"arrow\",\"navigation_style\":\"style-1\",\"class\":\"\",\"ajax\":\"true\",\"content_position\":\"inside\",\"image_size\":\"full\",\"image_hover\":\"zoom-in\",\"add_overlay\":false,\"content_hover\":\"reveal\",\"view_more\":false,\"content_type_new\":false,\"image_circle\":false,\"stretch_images\":false,\"exclude\":\"\",\"is_preview\":false,\"is_elementor\":true}--[!et-ajax]-- ![endif]--><\/span>\r\n\t\t\t\t\r\n\t\t\t\t<!--\/noindex-->\r\n\t\t\t\t<!--googleon: index-->\r\n\t\t\t<\/div>\r\n\t\t\t\t<\/div>\n\t\t\t\t<\/div>\n\t\t\t\t\t<\/div>\n\t\t<\/div>\n\t\t\t\t\t\t\t<\/div>\n\t\t<\/section>\n\t\t\t\t\t\t\t<\/div>\n\t\t","protected":false},"excerpt":{"rendered":"<p>Appareils B\u00e9chers 2 products Bouteilles \u00c9prouvettes Flacons Outils de filtration Pipettes Pycnom\u00e8tres Tubes<\/p>\n","protected":false},"author":1,"featured_media":0,"parent":0,"menu_order":0,"comment_status":"closed","ping_status":"closed","template":"","meta":{"inline_featured_image":false},"_links":{"self":[{"href":"https:\/\/marocmicroscopie.ma\/labver\/index.php?rest_route=\/wp\/v2\/pages\/916"}],"collection":[{"href":"https:\/\/marocmicroscopie.ma\/labver\/index.php?rest_route=\/wp\/v2\/pages"}],"about":[{"href":"https:\/\/marocmicroscopie.ma\/labver\/index.php?rest_route=\/wp\/v2\/types\/page"}],"author":[{"embeddable":true,"href":"https:\/\/marocmicroscopie.ma\/labver\/index.php?rest_route=\/wp\/v2\/users\/1"}],"replies":[{"embeddable":true,"href":"https:\/\/marocmicroscopie.ma\/labver\/index.php?rest_route=%2Fwp%2Fv2%2Fcomments&post=916"}],"version-history":[{"count":7,"href":"https:\/\/marocmicroscopie.ma\/labver\/index.php?rest_route=\/wp\/v2\/pages\/916\/revisions"}],"predecessor-version":[{"id":924,"href":"https:\/\/marocmicroscopie.ma\/labver\/index.php?rest_route=\/wp\/v2\/pages\/916\/revisions\/924"}],"wp:attachment":[{"href":"https:\/\/marocmicroscopie.ma\/labver\/index.php?rest_route=%2Fwp%2Fv2%2Fmedia&parent=916"}],"curies":[{"name":"wp","href":"https:\/\/api.w.org\/{rel}","templated":true}]}}